{"id":610,"date":"2026-01-29T12:09:34","date_gmt":"2026-01-29T10:09:34","guid":{"rendered":"https:\/\/www.mezieres26.ch\/s\/?page_id=610"},"modified":"2026-04-16T21:27:41","modified_gmt":"2026-04-16T19:27:41","slug":"jurys","status":"publish","type":"page","link":"https:\/\/www.mezieres26.ch\/s\/concours-des-solistes\/jurys\/","title":{"rendered":"Jurys"},"content":{"rendered":"\n<p class=\"is-style-text-subtitle is-style-text-subtitle--1\"><mark style=\"background-color:rgba(0, 0, 0, 0)\" class=\"has-inline-color has-accent-3-color\">Voici les quatre jurys qui seront des n\u00f4tres en ce dimanche de la F\u00eate des M\u00e8res&nbsp;:<\/mark><\/p>\n\n\n\n<ul class=\"wp-block-list\">\n<li><strong><a href=\"https:\/\/www.mezieres26.ch\/s\/wp-content\/uploads\/2026\/04\/Chantal.png\" target=\"_blank\" rel=\"noreferrer noopener\">Chantal Meystre-Huguelet<\/a><\/strong> &#8211; Jury Instruments \u00e0 vent<\/li>\n\n\n\n<li><strong><a href=\"https:\/\/www.mezieres26.ch\/s\/wp-content\/uploads\/2026\/04\/Rebaudo.png\" target=\"_blank\" rel=\"noreferrer noopener\">Valentina Rebaudo<\/a> <\/strong>&#8211; Jury Instruments \u00e0 vent<\/li>\n\n\n\n<li><strong><a href=\"https:\/\/www.mezieres26.ch\/s\/wp-content\/uploads\/2026\/04\/Rossier.png\" target=\"_blank\" rel=\"noreferrer noopener\">Ami Rossier<\/a> &#8211;<\/strong> Jury Tambours, Batterie et Percussion<\/li>\n\n\n\n<li><strong><a href=\"https:\/\/www.mezieres26.ch\/s\/wp-content\/uploads\/2026\/04\/Bettems.png\" target=\"_blank\" rel=\"noreferrer noopener\">F\u00e9lix Bettems<\/a> <\/strong>\u2013 Jury Tambours, Batterie et Percussion<\/li>\n<\/ul>\n","protected":false},"excerpt":{"rendered":"<p>Voici les quatre jurys qui seront des n\u00f4tres en ce dimanche de la F\u00eate des M\u00e8res&nbsp;:<\/p>\n","protected":false},"author":2,"featured_media":0,"parent":600,"menu_order":0,"comment_status":"closed","ping_status":"closed","template":"","meta":{"footnotes":""},"class_list":["post-610","page","type-page","status-publish","hentry"],"jetpack_sharing_enabled":true,"_links":{"self":[{"href":"https:\/\/www.mezieres26.ch\/s\/wp-json\/wp\/v2\/pages\/610","targetHints":{"allow":["GET"]}}],"collection":[{"href":"https:\/\/www.mezieres26.ch\/s\/wp-json\/wp\/v2\/pages"}],"about":[{"href":"https:\/\/www.mezieres26.ch\/s\/wp-json\/wp\/v2\/types\/page"}],"author":[{"embeddable":true,"href":"https:\/\/www.mezieres26.ch\/s\/wp-json\/wp\/v2\/users\/2"}],"replies":[{"embeddable":true,"href":"https:\/\/www.mezieres26.ch\/s\/wp-json\/wp\/v2\/comments?post=610"}],"version-history":[{"count":12,"href":"https:\/\/www.mezieres26.ch\/s\/wp-json\/wp\/v2\/pages\/610\/revisions"}],"predecessor-version":[{"id":777,"href":"https:\/\/www.mezieres26.ch\/s\/wp-json\/wp\/v2\/pages\/610\/revisions\/777"}],"up":[{"embeddable":true,"href":"https:\/\/www.mezieres26.ch\/s\/wp-json\/wp\/v2\/pages\/600"}],"wp:attachment":[{"href":"https:\/\/www.mezieres26.ch\/s\/wp-json\/wp\/v2\/media?parent=610"}],"curies":[{"name":"wp","href":"https:\/\/api.w.org\/{rel}","templated":true}]}}