{"id":606,"date":"2026-01-29T12:09:14","date_gmt":"2026-01-29T10:09:14","guid":{"rendered":"https:\/\/www.mezieres26.ch\/s\/?page_id=606"},"modified":"2026-05-07T20:02:23","modified_gmt":"2026-05-07T18:02:23","slug":"tirage-au-sort","status":"publish","type":"page","link":"https:\/\/www.mezieres26.ch\/s\/concours-des-solistes\/tirage-au-sort\/","title":{"rendered":"Tirage au sort"},"content":{"rendered":"<h2 class=\"wp-block-post-title\">Tirage au sort<\/h2>\n\n\n<h2 class=\"wp-block-heading\">Concours Instruments \u00e0 Vent<\/h2>\n\n\n\n<p><a href=\"https:\/\/mezieres26.ch\/concours\/Horaires_Concours-I_A.pdf\">Cat\u00e9gorie A<\/a><\/p>\n\n\n\n<p><a href=\"https:\/\/mezieres26.ch\/concours\/Horaires_Concours-I_B.pdf\">Cat\u00e9gorie B<\/a><\/p>\n\n\n\n<p><a href=\"https:\/\/mezieres26.ch\/concours\/Horaires_Concours-I_C.pdf\">Cat\u00e9gorie C<\/a><\/p>\n\n\n\n<p><a href=\"https:\/\/mezieres26.ch\/concours\/Horaires_Concours-I_E.pdf\">Cat\u00e9gorie E<\/a><\/p>\n\n\n\n<p><a href=\"https:\/\/mezieres26.ch\/concours\/Horaires_Concours-I_F.pdf\">Cat\u00e9gorie F<\/a><\/p>\n\n\n\n<h2 class=\"wp-block-heading\">Concours Percussions<\/h2>\n\n\n\n<p><a href=\"https:\/\/mezieres26.ch\/concours\/Horaires_Concours-P_A.pdf\">Cat\u00e9gorie A<\/a><\/p>\n\n\n\n<p><a href=\"https:\/\/mezieres26.ch\/concours\/Horaires_Concours-P_B.pdf\">Cat\u00e9gorie B<\/a><\/p>\n\n\n\n<p><a href=\"https:\/\/mezieres26.ch\/concours\/Horaires_Concours-P_C.pdf\">Cat\u00e9gorie C<\/a><\/p>\n\n\n\n<p><a href=\"https:\/\/mezieres26.ch\/concours\/Horaires_Concours-P_E.pdf\">Cat\u00e9gorie E<\/a><\/p>\n\n\n\n<h2 class=\"wp-block-heading\">Concours Batterie<\/h2>\n\n\n\n<p><a href=\"https:\/\/mezieres26.ch\/concours\/Horaires_Concours-B_A.pdf\">Cat\u00e9gorie A<\/a><\/p>\n\n\n\n<p><a href=\"https:\/\/mezieres26.ch\/concours\/Horaires_Concours-B_B.pdf\">Cat\u00e9gorie B<\/a><\/p>\n\n\n\n<p><a href=\"https:\/\/mezieres26.ch\/concours\/Horaires_Concours-B_C.pdf\">Cat\u00e9gorie C<\/a><\/p>\n\n\n\n<h2 class=\"wp-block-heading\">Concours Tambours<\/h2>\n\n\n\n<p><a href=\"https:\/\/mezieres26.ch\/concours\/Horaires_Concours-T_M1.pdf\">Cat\u00e9gorie Tambour Minimes<\/a><\/p>\n\n\n\n<p><a href=\"https:\/\/mezieres26.ch\/concours\/Horaires_Concours-T_J2.pdf\">Cat\u00e9gorie Tambour Juniors<\/a><\/p>\n\n\n\n<p><a href=\"https:\/\/mezieres26.ch\/concours\/Horaires_Concours-T_F.pdf\">Cat\u00e9gorie Tambour Ensemble Senior<\/a><\/p>\n\n\n\n<p><a href=\"https:\/\/mezieres26.ch\/concours\/Horaires_Concours-T_BA.pdf\">Cat\u00e9gorie Tambour Batterie Anglaise<\/a><\/p>\n\n\n\n<p><\/p>\n","protected":false},"excerpt":{"rendered":"<p>Concours Instruments \u00e0 Vent Cat\u00e9gorie A Cat\u00e9gorie B Cat\u00e9gorie C Cat\u00e9gorie E Cat\u00e9gorie F Concours Percussions Cat\u00e9gorie A Cat\u00e9gorie B Cat\u00e9gorie C Cat\u00e9gorie E Concours Batterie Cat\u00e9gorie A Cat\u00e9gorie B Cat\u00e9gorie C Concours Tambours Cat\u00e9gorie Tambour Minimes Cat\u00e9gorie Tambour Juniors Cat\u00e9gorie Tambour Ensemble Senior Cat\u00e9gorie Tambour Batterie Anglaise<\/p>\n","protected":false},"author":2,"featured_media":0,"parent":600,"menu_order":0,"comment_status":"closed","ping_status":"closed","template":"","meta":{"footnotes":""},"class_list":["post-606","page","type-page","status-publish","hentry"],"jetpack_sharing_enabled":true,"_links":{"self":[{"href":"https:\/\/www.mezieres26.ch\/s\/wp-json\/wp\/v2\/pages\/606","targetHints":{"allow":["GET"]}}],"collection":[{"href":"https:\/\/www.mezieres26.ch\/s\/wp-json\/wp\/v2\/pages"}],"about":[{"href":"https:\/\/www.mezieres26.ch\/s\/wp-json\/wp\/v2\/types\/page"}],"author":[{"embeddable":true,"href":"https:\/\/www.mezieres26.ch\/s\/wp-json\/wp\/v2\/users\/2"}],"replies":[{"embeddable":true,"href":"https:\/\/www.mezieres26.ch\/s\/wp-json\/wp\/v2\/comments?post=606"}],"version-history":[{"count":8,"href":"https:\/\/www.mezieres26.ch\/s\/wp-json\/wp\/v2\/pages\/606\/revisions"}],"predecessor-version":[{"id":808,"href":"https:\/\/www.mezieres26.ch\/s\/wp-json\/wp\/v2\/pages\/606\/revisions\/808"}],"up":[{"embeddable":true,"href":"https:\/\/www.mezieres26.ch\/s\/wp-json\/wp\/v2\/pages\/600"}],"wp:attachment":[{"href":"https:\/\/www.mezieres26.ch\/s\/wp-json\/wp\/v2\/media?parent=606"}],"curies":[{"name":"wp","href":"https:\/\/api.w.org\/{rel}","templated":true}]}}