{"id":568,"date":"2026-01-26T15:14:10","date_gmt":"2026-01-26T13:14:10","guid":{"rendered":"https:\/\/www.mezieres26.ch\/s\/?page_id=568"},"modified":"2026-02-27T16:46:26","modified_gmt":"2026-02-27T14:46:26","slug":"repas-dimanche","status":"publish","type":"page","link":"https:\/\/www.mezieres26.ch\/s\/mezieres-2026\/dimanche-10-mai\/repas-dimanche\/","title":{"rendered":"Repas de dimanche"},"content":{"rendered":"\n<div class=\"wp-block-group alignfull is-layout-flow wp-container-core-group-is-layout-f9cb6abc wp-block-group-is-layout-flow\" style=\"margin-top:0;margin-bottom:0\">\n<div class=\"wp-block-columns alignfull is-not-stacked-on-mobile is-layout-flex wp-container-core-columns-is-layout-e154fb6a wp-block-columns-is-layout-flex\" style=\"margin-top:0;margin-bottom:0;padding-top:var(--wp--preset--spacing--40);padding-right:var(--wp--preset--spacing--40);padding-bottom:var(--wp--preset--spacing--80);padding-left:var(--wp--preset--spacing--40)\">\n<div class=\"wp-block-column is-layout-flow wp-block-column-is-layout-flow\" style=\"flex-basis:66.66%\">\n<div class=\"wp-block-group is-vertical is-content-justification-stretch is-layout-flex wp-container-core-group-is-layout-7e003bba wp-block-group-is-layout-flex\">\n<h2 class=\"wp-block-heading has-xx-large-font-size\">Banquet de la F\u00eate des M\u00e8res<\/h2>\n\n\n\n<p class=\"has-x-large-font-size\"><strong>Dimanche 10 mai<\/strong><\/p>\n<\/div>\n<\/div>\n\n\n\n\n\n\n<\/div>\n\n\n\n<div class=\"wp-block-columns alignfull is-style-section-2 is-layout-flex wp-container-core-columns-is-layout-d9884270 wp-block-columns-is-layout-flex is-style-section-2--1\" style=\"padding-top:0;padding-bottom:0\">\n<div class=\"wp-block-column is-layout-flow wp-block-column-is-layout-flow\" style=\"flex-basis:80%\">\n<div class=\"wp-block-group is-vertical is-content-justification-stretch is-layout-flex wp-container-core-group-is-layout-098fff0a wp-block-group-is-layout-flex\" style=\"min-height:33vh;padding-top:var(--wp--preset--spacing--50);padding-right:var(--wp--preset--spacing--50);padding-bottom:var(--wp--preset--spacing--50);padding-left:var(--wp--preset--spacing--50)\">\n<p>Menu: Salade m\u00eal\u00e9e &#8211; r\u00f4ti de porc \u00e0 la broche &#8211; frites et l\u00e9gumes &#8211; dessert<\/p>\n\n\n\n<p>Prix adulte: 25.&#8211; <\/p>\n\n\n\n<p>Prix enfant (jusqu&rsquo;\u00e0 12 ans): 15.&#8211;<\/p>\n\n\n\n<p>V\u00e9g\u00e9tarien: grosse salade m\u00eal\u00e9e : 10.&#8211;<\/p>\n\n\n\t<form method=\"post\" class=\"event-registration-form\">\n    <input type=\"hidden\" id=\"event_registration_nonce\" name=\"event_registration_nonce\" value=\"d84123c12d\" \/><input type=\"hidden\" name=\"_wp_http_referer\" value=\"\/s\/wp-json\/wp\/v2\/pages\/568\" \/>\n    <label>Pr\u00e9nom\n        <input name=\"firstname\" placeholder=\"Pr\u00e9nom\" required>\n    <\/label>\n\n    <label>Nom\n        <input name=\"lastname\" placeholder=\"Nom\" required>\n    <\/label>\n\n    <label>Nombre d'adultes\n        <input type=\"number\" name=\"numberOfAdults\" value=\"1\" placeholder=\"0\" min=\"0\" required>\n    <\/label>\n\n    <label>Nombre d'enfants\n        <input type=\"number\" name=\"numberOfChildren\" value=\"0\" placeholder=\"0\" min=\"0\" required>\n    <\/label>\n\n    <label>Email\n        <input type=\"email\" name=\"email\" placeholder=\"phone@domain.ch\" required>\n    <\/label>\n\n    <label>T\u00e9l\u00e9phone\n        <input name=\"phone\" placeholder=\"077 123 45 67\">\n    <\/label>\n\n            <input type=\"hidden\" name=\"dinnerType\" value=\"dimanche\">\n    \n    <label>Commentaires\n        <textarea name=\"comments\" placeholder=\"Comments\"><\/textarea>\n    <\/label>\n\n    <button type=\"submit\">S'enregistrer pour l'\u00e9v\u00e9nement<\/button>\n\n    <style>\n        .event-registration-form {\n            max-width: 500px;\n            margin: 20px auto;\n            font-family: Arial, sans-serif;\n        }\n\n        .event-registration-form label {\n            display: block;\n            margin-bottom: 15px;\n            font-weight: bold;\n        }\n\n        .event-registration-form input,\n        .event-registration-form textarea {\n            width: 100%;\n            padding: 10px;\n            margin-top: 5px;\n            border: 1px solid #ccc;\n            border-radius: 6px;\n            box-sizing: border-box;\n            font-size: 14px;\n        }\n\n        .event-registration-form input:focus,\n        .event-registration-form textarea:focus {\n            border-color: #0073aa;\n            outline: none;\n        }\n\n        .event-registration-form button {\n            background-color: #0073aa;\n            color: #fff;\n            border: none;\n            padding: 12px 20px;\n            font-size: 16px;\n            border-radius: 6px;\n            cursor: pointer;\n            transition: background-color 0.2s;\n        }\n\n        .event-registration-form button:hover {\n            background-color: #005177;\n        }\n    <\/style>\n<\/form>\n    \n\n\n\n<p>Pour plus d&rsquo;informations ou pour changer votre inscription, contactez <a href=\"mailto:reservation@mezieres26.ch\" data-type=\"mailto\" data-id=\"mailto:reservation@mezieres26.ch\">reservation@mezieres26.ch<\/a><\/p>\n<\/div>\n<\/div>\n\n\n\n<div class=\"wp-block-column is-vertically-aligned-center is-layout-flow wp-block-column-is-layout-flow\" style=\"flex-basis:50%\">\n<figure class=\"wp-block-image aligncenter size-large is-resized\"><img loading=\"lazy\" decoding=\"async\" width=\"1024\" height=\"1024\" src=\"https:\/\/www.mezieres26.ch\/s\/wp-content\/uploads\/2026\/01\/Qwen-Image-2512_00006_-1024x1024.png\" alt=\"\" class=\"wp-image-578\" style=\"width:349px;height:auto\" srcset=\"https:\/\/www.mezieres26.ch\/s\/wp-content\/uploads\/2026\/01\/Qwen-Image-2512_00006_-1024x1024.png 1024w, https:\/\/www.mezieres26.ch\/s\/wp-content\/uploads\/2026\/01\/Qwen-Image-2512_00006_-300x300.png 300w, https:\/\/www.mezieres26.ch\/s\/wp-content\/uploads\/2026\/01\/Qwen-Image-2512_00006_-150x150.png 150w, https:\/\/www.mezieres26.ch\/s\/wp-content\/uploads\/2026\/01\/Qwen-Image-2512_00006_-768x768.png 768w, https:\/\/www.mezieres26.ch\/s\/wp-content\/uploads\/2026\/01\/Qwen-Image-2512_00006_.png 1328w\" sizes=\"auto, (max-width: 1024px) 100vw, 1024px\" \/><\/figure>\n<\/div>\n<\/div>\n<\/div>\n\n\n\n<p><\/p>\n\n\n\n<p><\/p>\n\n\n\n<p><\/p>\n","protected":false},"excerpt":{"rendered":"<p>Banquet de la F\u00eate des M\u00e8res Dimanche 10 mai Menu: Salade m\u00eal\u00e9e &#8211; r\u00f4ti de porc \u00e0 la broche &#8211; frites et l\u00e9gumes &#8211; dessert Prix adulte: 25.&#8211; Prix enfant (jusqu&rsquo;\u00e0 12 ans): 15.&#8211; V\u00e9g\u00e9tarien: grosse salade m\u00eal\u00e9e : 10.&#8211; Pour plus d&rsquo;informations ou pour changer votre inscription, contactez reservation@mezieres26.ch<\/p>\n","protected":false},"author":1,"featured_media":0,"parent":409,"menu_order":0,"comment_status":"closed","ping_status":"closed","template":"","meta":{"footnotes":""},"class_list":["post-568","page","type-page","status-publish","hentry"],"jetpack_sharing_enabled":true,"_links":{"self":[{"href":"https:\/\/www.mezieres26.ch\/s\/wp-json\/wp\/v2\/pages\/568","targetHints":{"allow":["GET"]}}],"collection":[{"href":"https:\/\/www.mezieres26.ch\/s\/wp-json\/wp\/v2\/pages"}],"about":[{"href":"https:\/\/www.mezieres26.ch\/s\/wp-json\/wp\/v2\/types\/page"}],"author":[{"embeddable":true,"href":"https:\/\/www.mezieres26.ch\/s\/wp-json\/wp\/v2\/users\/1"}],"replies":[{"embeddable":true,"href":"https:\/\/www.mezieres26.ch\/s\/wp-json\/wp\/v2\/comments?post=568"}],"version-history":[{"count":11,"href":"https:\/\/www.mezieres26.ch\/s\/wp-json\/wp\/v2\/pages\/568\/revisions"}],"predecessor-version":[{"id":719,"href":"https:\/\/www.mezieres26.ch\/s\/wp-json\/wp\/v2\/pages\/568\/revisions\/719"}],"up":[{"embeddable":true,"href":"https:\/\/www.mezieres26.ch\/s\/wp-json\/wp\/v2\/pages\/409"}],"wp:attachment":[{"href":"https:\/\/www.mezieres26.ch\/s\/wp-json\/wp\/v2\/media?parent=568"}],"curies":[{"name":"wp","href":"https:\/\/api.w.org\/{rel}","templated":true}]}}