{"id":397,"date":"2025-11-21T17:12:52","date_gmt":"2025-11-21T15:12:52","guid":{"rendered":"https:\/\/www.mezieres26.ch\/s\/?page_id=397"},"modified":"2026-04-21T21:40:53","modified_gmt":"2026-04-21T19:40:53","slug":"samedi-9-mai","status":"publish","type":"page","link":"https:\/\/www.mezieres26.ch\/s\/mezieres-2026\/samedi-9-mai\/","title":{"rendered":"Samedi 9 Mai"},"content":{"rendered":"\n<div class=\"wp-block-group alignfull is-layout-flow wp-container-core-group-is-layout-f9cb6abc wp-block-group-is-layout-flow\" style=\"margin-top:0;margin-bottom:0\">\n<div class=\"wp-block-columns alignfull is-not-stacked-on-mobile is-layout-flex wp-container-core-columns-is-layout-e154fb6a wp-block-columns-is-layout-flex\" style=\"margin-top:0;margin-bottom:0;padding-top:var(--wp--preset--spacing--40);padding-right:var(--wp--preset--spacing--40);padding-bottom:var(--wp--preset--spacing--80);padding-left:var(--wp--preset--spacing--40)\">\n<div class=\"wp-block-column is-layout-flow wp-block-column-is-layout-flow\" style=\"flex-basis:66.66%\">\n<div class=\"wp-block-group is-vertical is-content-justification-stretch is-layout-flex wp-container-core-group-is-layout-7e003bba wp-block-group-is-layout-flex\">\n<h2 class=\"wp-block-heading has-xx-large-font-size\">\u00ab&nbsp;Le Cort\u00e8ge des Cuivres Intr\u00e9pides&nbsp;\u00bb<\/h2>\n\n\n\n<p>Samedi 9 Mai 2026<\/p>\n<\/div>\n<\/div>\n<\/div>\n\n\n\n<div class=\"wp-block-columns alignfull are-vertically-aligned-center is-style-section-2 is-layout-flex wp-container-core-columns-is-layout-d9884270 wp-block-columns-is-layout-flex is-style-section-2--1\" style=\"padding-top:0;padding-bottom:0\">\n<div class=\"wp-block-column is-vertically-aligned-center is-layout-flow wp-block-column-is-layout-flow\" style=\"flex-basis:50%\">\n<div class=\"wp-block-group is-vertical is-content-justification-stretch is-layout-flex wp-container-core-group-is-layout-098fff0a wp-block-group-is-layout-flex\" style=\"min-height:33vh;padding-top:var(--wp--preset--spacing--50);padding-right:var(--wp--preset--spacing--50);padding-bottom:var(--wp--preset--spacing--50);padding-left:var(--wp--preset--spacing--50)\">\n<ul class=\"wp-block-list\">\n<li>09h00 -15h00 : <strong>March\u00e9 du Jorat sur la place de f\u00eate<\/strong><\/li>\n\n\n\n<li>Journ\u00e9e : P<strong>restations des soci\u00e9t\u00e9s du Giron<\/strong><br>Th\u00e9\u00e2tre du Jorat \u2013 Place de f\u00eate<\/li>\n\n\n\n<li>17h00 :<strong> Grand cort\u00e8ge \u2013 morceau d&rsquo;ensemble<\/strong><\/li>\n\n\n\n<li>18h00 : <strong>Animation place de f\u00eate<\/strong><br>\u00ab\u00a0Fanfare de Perroy\u00a0\u00bb<br><em>Soci\u00e9t\u00e9 invit\u00e9e<\/em><\/li>\n\n\n\n<li>18h30 :<strong> Animation place de f\u00eate<\/strong> \u00ab\u00a0Look See Go\u00a0\u00bb<\/li>\n\n\n\n<li>19h30 : <strong>Partie officielle<\/strong> du Giron et <strong>Repas du 130e de la fanfare<\/strong><br>Ouvert au public, sur inscription<br>(lien donn\u00e9 plus tard)<\/li>\n\n\n\n<li>22h00 : <strong>Animation sous cantine<\/strong><br>\u00ab\u00a0Les Sales Gosses !\u00a0\u00bb<\/li>\n<\/ul>\n<\/div>\n<\/div>\n\n\n\n<div class=\"wp-block-column is-vertically-aligned-center is-layout-flow wp-block-column-is-layout-flow\" style=\"flex-basis:50%\">\n<figure class=\"wp-block-image aligncenter size-large\"><img loading=\"lazy\" decoding=\"async\" width=\"1024\" height=\"465\" src=\"https:\/\/www.mezieres26.ch\/s\/wp-content\/uploads\/2025\/11\/image-1-1024x465.png\" alt=\"\" class=\"wp-image-399\" srcset=\"https:\/\/www.mezieres26.ch\/s\/wp-content\/uploads\/2025\/11\/image-1-1024x465.png 1024w, https:\/\/www.mezieres26.ch\/s\/wp-content\/uploads\/2025\/11\/image-1-300x136.png 300w, https:\/\/www.mezieres26.ch\/s\/wp-content\/uploads\/2025\/11\/image-1-768x349.png 768w, https:\/\/www.mezieres26.ch\/s\/wp-content\/uploads\/2025\/11\/image-1.png 1408w\" sizes=\"auto, (max-width: 1024px) 100vw, 1024px\" \/><\/figure>\n<\/div>\n<\/div>\n<\/div>\n\n\n\n<p><strong>Cort\u00e8ge du samedi 9 mai 2026<br>Ordre de passage<\/strong><\/p>\n\n\n\n<ol class=\"wp-block-list\">\n<li>HARMONIE LA LYRE D&rsquo;ECHALLENS (17:00)<\/li>\n\n\n\n<li>Les invit\u00e9s, en tracteur avec un char 15 pl. (Bracaillons) (17:01)<\/li>\n\n\n\n<li>HARMONIE MUNICIPALE D&rsquo;\u00c9PALINGES (17:04)<\/li>\n\n\n\n<li>FC Jorat-M\u00e9zi\u00e8res (17:05)<\/li>\n\n\n\n<li>\u00c9CHO DES ROCHERS PUIDOUX (17:08)<\/li>\n\n\n\n<li>Les Brigands du Jorat (17:09)<\/li>\n\n\n\n<li>CORPS DE MUSIQUE DE PULLY (17:12)<\/li>\n\n\n\n<li>CODIR, en tracteur avec un char 6 pl. (Bracaillons) (17:13)<\/li>\n\n\n\n<li>UNION INSTRUMENTALE FOREL (17:16)<\/li>\n\n\n\n<li>Gym M\u00e9zi\u00e8res (17:17)<\/li>\n\n\n\n<li>L&rsquo;\u00c9CHO DU SAUTERUZ BERCHER-VUARRENS (17:20)<\/li>\n\n\n\n<li>Les Abbayes, en tracteur avec un char (Torche) (17:21)<\/li>\n\n\n\n<li>L&rsquo;AVELYRE, ENTENTE MUSICALE BELMONT-CULLY (17:24)<\/li>\n\n\n\n<li>Paysannes vaudoises de M\u00e9zi\u00e8res et Environs (17:25)<\/li>\n\n\n\n<li>CORPS DE MUSIQUE D&rsquo;YVONAND (17:28)<\/li>\n\n\n\n<li>Club de la Lanterne Magique (17:29)<\/li>\n\n\n\n<li>LA VILLAGEOISE DE POMY (17:32)<\/li>\n\n\n\n<li>Les Bracaillons (17:33)<\/li>\n<\/ol>\n","protected":false},"excerpt":{"rendered":"<p>\u00ab&nbsp;Le Cort\u00e8ge des Cuivres Intr\u00e9pides&nbsp;\u00bb Samedi 9 Mai 2026 Cort\u00e8ge du samedi 9 mai 2026Ordre de passage<\/p>\n","protected":false},"author":1,"featured_media":0,"parent":66,"menu_order":9,"comment_status":"closed","ping_status":"closed","template":"","meta":{"footnotes":""},"class_list":["post-397","page","type-page","status-publish","hentry"],"jetpack_sharing_enabled":true,"_links":{"self":[{"href":"https:\/\/www.mezieres26.ch\/s\/wp-json\/wp\/v2\/pages\/397","targetHints":{"allow":["GET"]}}],"collection":[{"href":"https:\/\/www.mezieres26.ch\/s\/wp-json\/wp\/v2\/pages"}],"about":[{"href":"https:\/\/www.mezieres26.ch\/s\/wp-json\/wp\/v2\/types\/page"}],"author":[{"embeddable":true,"href":"https:\/\/www.mezieres26.ch\/s\/wp-json\/wp\/v2\/users\/1"}],"replies":[{"embeddable":true,"href":"https:\/\/www.mezieres26.ch\/s\/wp-json\/wp\/v2\/comments?post=397"}],"version-history":[{"count":10,"href":"https:\/\/www.mezieres26.ch\/s\/wp-json\/wp\/v2\/pages\/397\/revisions"}],"predecessor-version":[{"id":792,"href":"https:\/\/www.mezieres26.ch\/s\/wp-json\/wp\/v2\/pages\/397\/revisions\/792"}],"up":[{"embeddable":true,"href":"https:\/\/www.mezieres26.ch\/s\/wp-json\/wp\/v2\/pages\/66"}],"wp:attachment":[{"href":"https:\/\/www.mezieres26.ch\/s\/wp-json\/wp\/v2\/media?parent=397"}],"curies":[{"name":"wp","href":"https:\/\/api.w.org\/{rel}","templated":true}]}}