{"id":236,"date":"2025-11-15T08:00:00","date_gmt":"2025-11-15T06:00:00","guid":{"rendered":"https:\/\/www.mezieres26.ch\/s\/?page_id=236"},"modified":"2026-03-11T16:25:05","modified_gmt":"2026-03-11T14:25:05","slug":"les-4-sans-voix","status":"publish","type":"page","link":"https:\/\/www.mezieres26.ch\/s\/mezieres-2026\/vendredi-8-mai-2026\/les-4-sans-voix\/","title":{"rendered":"Les 4 Sans Voix&#8230; y vont Franco"},"content":{"rendered":"\n<p>Avec Yann Lambiel, Steeve Diamond, Fabian Le Castel et Laurent Chandemerle au <a href=\"https:\/\/theatredujorat.ch\/\">Th\u00e9atre du Jorat<\/a>!<\/p>\n\n\n\n<p><strong>Vendredi 8 mai 2026<\/strong> \u00e0 <strong>20:00<\/strong> au <strong>Th\u00e9\u00e2tre du Jorat<\/strong> (M\u00e9zi\u00e8res Vaud).<\/p>\n\n\n\n<div class=\"wp-block-buttons is-content-justification-center is-layout-flex wp-container-core-buttons-is-layout-a89b3969 wp-block-buttons-is-layout-flex\">\n<div class=\"wp-block-button\"><a class=\"wp-block-button__link has-text-align-center wp-element-button\" href=\"https:\/\/indiv.themisweb.fr\/0396\/fChoixSeanceWidget.aspx?idstructure=0396&amp;EventId=255&amp;request=QcE+w0WHSuDYopLyHw4+1SyqUrxQrFv13GSt7GpFMb05tVWChAhXk8pzzjGewrAFlkedMgiaMH7NOlZAI8GNQlgYz01SpN\/m+mVabfKVcq0=&amp;yymm=20260508\">Prendre son billet<\/a><\/div>\n<\/div>\n\n\n\n<p>En cas de probl\u00e8me concernant les r\u00e9servations &#8211;<a href=\"mailto:billetterie@theatredujorat.ch\">billetterie@theatredujorat.ch<\/a><\/p>\n\n\n\n<figure class=\"wp-block-image aligncenter size-medium\"><img loading=\"lazy\" decoding=\"async\" width=\"212\" height=\"300\" src=\"https:\/\/www.mezieres26.ch\/s\/wp-content\/uploads\/2026\/03\/les4sansvoix-212x300.jpeg\" alt=\"\" class=\"wp-image-725\" srcset=\"https:\/\/www.mezieres26.ch\/s\/wp-content\/uploads\/2026\/03\/les4sansvoix-212x300.jpeg 212w, https:\/\/www.mezieres26.ch\/s\/wp-content\/uploads\/2026\/03\/les4sansvoix-724x1024.jpeg 724w, https:\/\/www.mezieres26.ch\/s\/wp-content\/uploads\/2026\/03\/les4sansvoix-768x1086.jpeg 768w, https:\/\/www.mezieres26.ch\/s\/wp-content\/uploads\/2026\/03\/les4sansvoix-1086x1536.jpeg 1086w, https:\/\/www.mezieres26.ch\/s\/wp-content\/uploads\/2026\/03\/les4sansvoix.jpeg 1326w\" sizes=\"auto, (max-width: 212px) 100vw, 212px\" \/><\/figure>\n\n\n\n<p>C\u2019est un <strong>Belge<\/strong> \ud83c\udde7\ud83c\uddea, un <strong>Suisse<\/strong> \ud83c\udde8\ud83c\udded, un <strong>Fran\u00e7ais<\/strong> \ud83c\uddeb\ud83c\uddf7 et un <strong>Qu\u00e9b\u00e9cois<\/strong> \ud83c\udde8\ud83c\udde6\u2026 voil\u00e0 qui ressemble au d\u00e9but d\u2019une blague \u2014<br>et pourtant, ce <strong>n\u2019en est pas une<\/strong> !<\/p>\n\n\n\n<p>M\u00eame si c\u2019est <strong>l\u2019humour<\/strong> qui r\u00e9unit ces quatre imitateurs pour un spectacle :<\/p>\n\n\n\n<p class=\"has-text-align-center has-x-large-font-size\"><strong>\ud83c\udfa4 Les 4 Sans Voix\u2026 y vont Franco ! \ud83c\udfad<\/strong><\/p>\n\n\n\n<p class=\"has-text-align-left\">Ils d\u00e9lirent en sketchs et en chansons sur leurs diff\u00e9rences,<br>brisant les clich\u00e9s sur leurs pays respectifs \ud83c\udf0d, mais surtout, ils jouent avec ce qui les rassemble : \ud83d\udcac <strong>la Francophonie !<\/strong> \ud83d\udc99<\/p>\n\n\n\n<p>Plus de 10 ans apr\u00e8s leur premi\u00e8re collaboration ils reviennent avec un <strong>nouveau show<\/strong> \u00e9clatant !<\/p>\n\n\n\n<ul class=\"wp-block-list\">\n<li>\ud83c\udf99\ufe0f <strong>4 imitateurs<\/strong>,<\/li>\n\n\n\n<li>\ud83c\udf0d <strong>4 nationalit\u00e9s<\/strong>,<\/li>\n\n\n\n<li>\ud83c\udfb6 <strong>400 voix<\/strong>\u2026<\/li>\n\n\n\n<li>pour <strong>90 minutes de pur plaisir<\/strong> ! \ud83e\udd29<\/li>\n<\/ul>\n\n\n\n<p>Un <strong>Suisse<\/strong>, <em>Yann Lambiel<\/em>   \ud83c\udde8\ud83c\udded<br>Un <strong>Fran\u00e7ais<\/strong>, <em>Laurent Chandemerle<\/em>  \ud83c\uddeb\ud83c\uddf7<br>Un <strong>Canadien<\/strong>, <em>Steeve Diamond<\/em>  \ud83c\udde8\ud83c\udde6 \u2014 t\u00e9nor de formation \ud83c\udfb5<br>Et un <strong>Belge<\/strong>, <em>Fabian Le Castel<\/em> \ud83c\udde7\ud83c\uddea<\/p>\n","protected":false},"excerpt":{"rendered":"<p>Avec Yann Lambiel, Steeve Diamond, Fabian Le Castel et Laurent Chandemerle au Th\u00e9atre du Jorat! Vendredi 8 mai 2026 \u00e0 20:00 au Th\u00e9\u00e2tre du Jorat (M\u00e9zi\u00e8res Vaud). En cas de probl\u00e8me concernant les r\u00e9servations &#8211;billetterie@theatredujorat.ch C\u2019est un Belge \ud83c\udde7\ud83c\uddea, un Suisse \ud83c\udde8\ud83c\udded, un Fran\u00e7ais \ud83c\uddeb\ud83c\uddf7 et un Qu\u00e9b\u00e9cois \ud83c\udde8\ud83c\udde6\u2026 voil\u00e0 qui ressemble au d\u00e9but d\u2019une [&hellip;]<\/p>\n","protected":false},"author":1,"featured_media":0,"parent":396,"menu_order":0,"comment_status":"closed","ping_status":"closed","template":"","meta":{"footnotes":""},"class_list":["post-236","page","type-page","status-publish","hentry"],"jetpack_sharing_enabled":true,"_links":{"self":[{"href":"https:\/\/www.mezieres26.ch\/s\/wp-json\/wp\/v2\/pages\/236","targetHints":{"allow":["GET"]}}],"collection":[{"href":"https:\/\/www.mezieres26.ch\/s\/wp-json\/wp\/v2\/pages"}],"about":[{"href":"https:\/\/www.mezieres26.ch\/s\/wp-json\/wp\/v2\/types\/page"}],"author":[{"embeddable":true,"href":"https:\/\/www.mezieres26.ch\/s\/wp-json\/wp\/v2\/users\/1"}],"replies":[{"embeddable":true,"href":"https:\/\/www.mezieres26.ch\/s\/wp-json\/wp\/v2\/comments?post=236"}],"version-history":[{"count":21,"href":"https:\/\/www.mezieres26.ch\/s\/wp-json\/wp\/v2\/pages\/236\/revisions"}],"predecessor-version":[{"id":730,"href":"https:\/\/www.mezieres26.ch\/s\/wp-json\/wp\/v2\/pages\/236\/revisions\/730"}],"up":[{"embeddable":true,"href":"https:\/\/www.mezieres26.ch\/s\/wp-json\/wp\/v2\/pages\/396"}],"wp:attachment":[{"href":"https:\/\/www.mezieres26.ch\/s\/wp-json\/wp\/v2\/media?parent=236"}],"curies":[{"name":"wp","href":"https:\/\/api.w.org\/{rel}","templated":true}]}}